{"id":485,"date":"2019-04-11T22:29:54","date_gmt":"2019-04-11T15:29:54","guid":{"rendered":"http:\/\/localhost:8080\/wmcprestige\/en\/?page_id=485"},"modified":"2020-05-05T11:06:25","modified_gmt":"2020-05-05T04:06:25","slug":"sitemap","status":"publish","type":"page","link":"https:\/\/wmcprestige.vn\/en\/sitemap\/","title":{"rendered":"Sitemap"},"content":{"rendered":"<p><strong>WMC PRESTIGE<\/strong><\/p>\n<p><a href=\"http:\/\/wmcprestige.vn\/en\/\"><strong>HOME<\/strong><\/a><\/p>\n<p><strong><a href=\"\/en\/about-us\/\">ABOUT US<\/a><\/strong><\/p>\n<p>\u0110\u01a1n v\u1ecb \u00e1p d\u1ee5ng th\u1ebb WMC Prestige<br \/>\nKh\u00e1ch s\u1ea1n &amp; C\u0103n h\u1ed9 d\u1ecbch v\u1ee5<\/p>\n<ul>\n<li>The Reverie Saigon<\/li>\n<li>Windsor Plaza Hotel<\/li>\n<li>Sherwood Residence<\/li>\n<li>Sherwood Suites<\/li>\n<\/ul>\n<p>Nh\u00e0 h\u00e0ng &amp; C\u00e0 ph\u00ea<\/p>\n<ul>\n<li>Caf\u00e9 Central An Dong<\/li>\n<li>Ngan Dinh<\/li>\n<li>Top Of The Town Bar &amp; Restaurant<\/li>\n<li>Amigo Grill Restaurant<\/li>\n<li>Caf\u00e9 Central Nguyen Hue<\/li>\n<li>Gartenstadt Restaurant<\/li>\n<li>Kissho Restaurant<\/li>\n<li>Vietnam House Restaurant<\/li>\n<li>Noodle Noodle Restaurant<\/li>\n<li>Ngan Dinh Saigon<\/li>\n<li>Le Caf\u00e9 Restaurant &amp; Bar<\/li>\n<li>Caf\u00e9 Cardinal<\/li>\n<li>The Reverie Boutique<\/li>\n<li>R&amp;J Italian Lounge &amp; Restaurant<\/li>\n<li>The Long @ Times Square<\/li>\n<li>The Royal Pavilion<\/li>\n<\/ul>\n<p>Spa<\/p>\n<ul>\n<li>The Spa<\/li>\n<li>Windsor Spa<\/li>\n<\/ul>\n<p><strong><a href=\"\/chuong-trinh-thanh-vien\/\">CH\u01af\u01a0NG TR\u00ccNH TH\u00c0NH VI\u00caN<\/a><\/strong><\/p>\n<ul>\n<li id=\"menu-item-945\" class=\"menu-item menu-item-type-post_type menu-item-object-page menu-item-945\"><a href=\"http:\/\/wmcprestige.vn\/chuong-trinh-thanh-vien\/dining-and-leisure-benefits\/\">Quy\u1ec1n l\u1ee3i \u1ea8m th\u1ef1c v\u00e0 Gi\u1ea3i tr\u00ed<\/a><\/li>\n<li id=\"menu-item-944\" class=\"menu-item menu-item-type-post_type menu-item-object-page menu-item-944\"><a href=\"http:\/\/wmcprestige.vn\/chuong-trinh-thanh-vien\/hotel-benefits\/\">Quy\u1ec1n l\u1ee3i Kh\u00e1ch s\u1ea1n v\u00e0 C\u0103n h\u1ed9 d\u1ecbch v\u1ee5<\/a><\/li>\n<li id=\"menu-item-943\" class=\"menu-item menu-item-type-post_type menu-item-object-page menu-item-943\"><a href=\"http:\/\/wmcprestige.vn\/chuong-trinh-thanh-vien\/partner-benefits\/\">Quy\u1ec1n l\u1ee3i \u0110\u1ed1i t\u00e1c<\/a><\/li>\n<li id=\"menu-item-942\" class=\"menu-item menu-item-type-post_type menu-item-object-page menu-item-942\"><a href=\"http:\/\/wmcprestige.vn\/chuong-trinh-thanh-vien\/program-terms-of-use\/\">\u0110i\u1ec1u kho\u1ea3n ch\u01b0\u01a1ng tr\u00ecnh<\/a><\/li>\n<\/ul>\n<p><strong><a href=\"\/uu-dai\/\">\u01afU \u0110\u00c3I<\/a><\/strong><\/p>\n<ul>\n<li id=\"menu-item-949\" class=\"menu-item menu-item-type-post_type menu-item-object-page menu-item-949\"><a href=\"http:\/\/wmcprestige.vn\/uu-dai\/quan-1\/\">Qu\u1eadn 1<\/a><\/li>\n<li id=\"menu-item-948\" class=\"menu-item menu-item-type-post_type menu-item-object-page menu-item-948\"><a href=\"http:\/\/wmcprestige.vn\/uu-dai\/quan-3\/\">Qu\u1eadn 3<\/a><\/li>\n<li id=\"menu-item-947\" class=\"menu-item menu-item-type-post_type menu-item-object-page menu-item-947\"><a href=\"http:\/\/wmcprestige.vn\/uu-dai\/quan-5\/\">Qu\u1eadn 5<\/a><\/li>\n<\/ul>\n<p><strong><a href=\"\/lien-he\/\">LI\u00caN H\u1ec6<\/a><\/strong><\/p>\n<p>&nbsp;<\/p>\n","protected":false},"excerpt":{"rendered":"<p>WMC PRESTIGE HOME ABOUT US \u0110\u01a1n v\u1ecb \u00e1p d\u1ee5ng th\u1ebb WMC Prestige Kh\u00e1ch s\u1ea1n &amp; C\u0103n h\u1ed9 d\u1ecbch v\u1ee5 The Reverie Saigon Windsor Plaza Hotel Sherwood Residence Sherwood Suites Nh\u00e0 h\u00e0ng &amp; C\u00e0 ph\u00ea Caf\u00e9 Central An Dong Ngan Dinh Top Of The Town Bar &amp; Restaurant Amigo Grill Restaurant Caf\u00e9 Central Nguyen Hue Gartenstadt [&#8230;]\n","protected":false},"author":3,"featured_media":0,"parent":0,"menu_order":0,"comment_status":"closed","ping_status":"closed","template":"","meta":{"footnotes":""},"class_list":["post-485","page","type-page","status-publish","hentry"],"acf":[],"_links":{"self":[{"href":"https:\/\/wmcprestige.vn\/en\/wp-json\/wp\/v2\/pages\/485","targetHints":{"allow":["GET"]}}],"collection":[{"href":"https:\/\/wmcprestige.vn\/en\/wp-json\/wp\/v2\/pages"}],"about":[{"href":"https:\/\/wmcprestige.vn\/en\/wp-json\/wp\/v2\/types\/page"}],"author":[{"embeddable":true,"href":"https:\/\/wmcprestige.vn\/en\/wp-json\/wp\/v2\/users\/3"}],"replies":[{"embeddable":true,"href":"https:\/\/wmcprestige.vn\/en\/wp-json\/wp\/v2\/comments?post=485"}],"version-history":[{"count":0,"href":"https:\/\/wmcprestige.vn\/en\/wp-json\/wp\/v2\/pages\/485\/revisions"}],"wp:attachment":[{"href":"https:\/\/wmcprestige.vn\/en\/wp-json\/wp\/v2\/media?parent=485"}],"curies":[{"name":"wp","href":"https:\/\/api.w.org\/{rel}","templated":true}]}}